{"id":1066,"date":"2023-12-12T18:10:40","date_gmt":"2023-12-12T17:10:40","guid":{"rendered":"https:\/\/chochol.io\/about-me\/"},"modified":"2025-07-22T23:20:43","modified_gmt":"2025-07-22T21:20:43","slug":"about-me","status":"publish","type":"page","link":"https:\/\/chochol.io\/en\/about-me\/","title":{"rendered":"About me"},"content":{"rendered":"\t\t<div data-elementor-type=\"wp-page\" data-elementor-id=\"1066\" class=\"elementor elementor-1066 elementor-378\" data-elementor-post-type=\"page\">\n\t\t\t\t<div class=\"elementor-element elementor-element-ee303eb e-flex e-con-boxed e-con e-parent\" data-id=\"ee303eb\" data-element_type=\"container\" data-e-type=\"container\">\n\t\t\t\t\t<div class=\"e-con-inner\">\n\t\t\t\t<div class=\"elementor-element elementor-element-f4ff3a7 elementor-widget elementor-widget-katen-section-header\" data-id=\"f4ff3a7\" data-element_type=\"widget\" data-e-type=\"widget\" data-widget_type=\"katen-section-header.default\">\n\t\t\t\t<div class=\"elementor-widget-container\">\n\t\t\t\t\t\n\t\t\t<div class=\"section-header\">\n\t\t\t\t<h3 class=\"section-title\">Par\u0119 s\u0142\u00f3w o mnie<\/h3>\n\t\t\t\t\t\t\t\t\t<svg width=\"33\" height=\"6\" xmlns=\"http:\/\/www.w3.org\/2000\/svg\">\n\t\t\t\t\t\t<defs>\n\t\t\t\t\t\t\t<linearGradient id=\"gradient\" x1=\"0%\" y1=\"0%\" x2=\"100%\" y2=\"0%\">\n\t\t\t\t\t\t\t\t<stop offset=\"0%\" stop-color=\"#FE4F70\"><\/stop>\n\t\t\t\t\t\t\t\t<stop offset=\"100%\" stop-color=\"#FFA387\"><\/stop>\n\t\t\t\t\t\t\t<\/linearGradient>\n\t\t\t\t\t\t\t<\/defs>\n\t\t\t\t\t\t<path d=\"M33 1c-3.3 0-3.3 4-6.598 4C23.1 5 23.1 1 19.8 1c-3.3 0-3.3 4-6.599 4-3.3 0-3.3-4-6.6-4S3.303 5 0 5\" stroke=\"url(#gradient)\" stroke-width=\"2\" fill=\"none\"><\/path>\n\t\t\t\t\t<\/svg>\n\t\t\t\t\t\t\t\t\t\t\t<\/div>\n\n        \t\t\t\t<\/div>\n\t\t\t\t<\/div>\n\t\t\t\t\t<\/div>\n\t\t\t\t<\/div>\n\t\t<div class=\"elementor-element elementor-element-691a7a4 e-flex e-con-boxed e-con e-parent\" data-id=\"691a7a4\" data-element_type=\"container\" data-e-type=\"container\">\n\t\t\t\t\t<div class=\"e-con-inner\">\n\t\t<div class=\"elementor-element elementor-element-16b150d e-con-full e-flex e-con e-child\" data-id=\"16b150d\" data-element_type=\"container\" data-e-type=\"container\">\n\t\t\t\t<div class=\"elementor-element elementor-element-fbfc88e elementor-widget__width-initial elementor-widget elementor-widget-image\" data-id=\"fbfc88e\" data-element_type=\"widget\" data-e-type=\"widget\" data-widget_type=\"image.default\">\n\t\t\t\t<div class=\"elementor-widget-container\">\n\t\t\t\t\t\t\t\t\t\t\t\t\t\t\t\t<a href=\"https:\/\/chochol.io\/wp-content\/uploads\/2024\/04\/42B93D28-EA13-417E-AD72-DC1FA76CB83F_1_105_c.jpeg\" data-elementor-open-lightbox=\"yes\" data-elementor-lightbox-title=\"My and my motorcycle\" data-e-action-hash=\"#elementor-action%3Aaction%3Dlightbox%26settings%3DeyJpZCI6MjA2MTYsInVybCI6Imh0dHBzOlwvXC9jaG9jaG9sLmlvXC93cC1jb250ZW50XC91cGxvYWRzXC8yMDI0XC8wNFwvNDJCOTNEMjgtRUExMy00MTdFLUFENzItREMxRkE3NkNCODNGXzFfMTA1X2MuanBlZyJ9\">\n\t\t\t\t\t\t\t<img fetchpriority=\"high\" decoding=\"async\" width=\"768\" height=\"1024\" src=\"https:\/\/chochol.io\/wp-content\/uploads\/2024\/04\/42B93D28-EA13-417E-AD72-DC1FA76CB83F_1_105_c.jpeg\" class=\"attachment-large size-large wp-image-20616\" alt=\"Motorcycle with rider in full-face helmet and red vest parked on paved square near street lamp and brick building\" srcset=\"https:\/\/chochol.io\/wp-content\/uploads\/2024\/04\/42B93D28-EA13-417E-AD72-DC1FA76CB83F_1_105_c.jpeg 768w, https:\/\/chochol.io\/wp-content\/uploads\/2024\/04\/42B93D28-EA13-417E-AD72-DC1FA76CB83F_1_105_c-225x300.jpeg 225w\" sizes=\"(max-width: 768px) 100vw, 768px\" \/>\t\t\t\t\t\t\t\t<\/a>\n\t\t\t\t\t\t\t\t\t\t\t\t\t\t\t<\/div>\n\t\t\t\t<\/div>\n\t\t\t\t<\/div>\n\t\t<div class=\"elementor-element elementor-element-94c305b e-con-full e-flex e-con e-child\" data-id=\"94c305b\" data-element_type=\"container\" data-e-type=\"container\">\n\t\t<div class=\"elementor-element elementor-element-323a944 e-flex e-con-boxed e-con e-child\" data-id=\"323a944\" data-element_type=\"container\" data-e-type=\"container\">\n\t\t\t\t\t<div class=\"e-con-inner\">\n\t\t<div class=\"elementor-element elementor-element-af42f30 e-con-full e-flex e-con e-child\" data-id=\"af42f30\" data-element_type=\"container\" data-e-type=\"container\">\n\t\t\t\t<div class=\"elementor-element elementor-element-297c286 elementor-widget elementor-widget-text-editor\" data-id=\"297c286\" data-element_type=\"widget\" data-e-type=\"widget\" data-widget_type=\"text-editor.default\">\n\t\t\t\t<div class=\"elementor-widget-container\">\n\t\t\t\t\t\t\t\t\t<ul>\n<li>My name is Filip Choch\u00f3\u0142, I was born in 1996;<\/li>\n<li>I&#8217;m from Warsaw;<\/li>\n<li>I have been working at <a href=\"https:\/\/sii.pl\" target=\"_blank\" rel=\"noopener\">Sii Poland<\/a> since 2022;<\/li>\n<li>I specialize in IT Support and Asset Management professionally;<\/li>\n<li>A supporter of open-source technologies;<\/li>\n<li>From 2013 to 2021, I worked in the film and television industry in the camera division;<\/li>\n<li>After hours, I develop my interests in smart homes and computer networks&#8230;.<\/li>\n<li>&#8230; and besides computers, I am interested in traveling and collecting cups from Starbucks \u2615.<\/li>\n<li>I have two cats (Sonia and Junior) \ud83d\udc08.<\/li>\n<\/ul>\n\t\t\t\t\t\t\t\t<\/div>\n\t\t\t\t<\/div>\n\t\t\t\t<\/div>\n\t\t\t\t\t<\/div>\n\t\t\t\t<\/div>\n\t\t<div class=\"elementor-element elementor-element-e92c856 e-flex e-con-boxed e-con e-child\" data-id=\"e92c856\" data-element_type=\"container\" data-e-type=\"container\">\n\t\t\t\t\t<div class=\"e-con-inner\">\n\t\t\t\t<div class=\"elementor-element elementor-element-b41a39e elementor-widget__width-initial elementor-widget elementor-widget-image\" data-id=\"b41a39e\" data-element_type=\"widget\" data-e-type=\"widget\" data-widget_type=\"image.default\">\n\t\t\t\t<div class=\"elementor-widget-container\">\n\t\t\t\t\t\t\t\t\t\t\t\t\t\t\t<img decoding=\"async\" width=\"1024\" height=\"768\" src=\"https:\/\/chochol.io\/wp-content\/uploads\/2023\/12\/IMG_4980-1024x768.jpeg\" class=\"attachment-large size-large wp-image-983\" alt=\"Row of souvenir mugs with country designs on a shelf next to a Panasonic video camera and lens.\" srcset=\"https:\/\/chochol.io\/wp-content\/uploads\/2023\/12\/IMG_4980-1024x768.jpeg 1024w, https:\/\/chochol.io\/wp-content\/uploads\/2023\/12\/IMG_4980-300x225.jpeg 300w, https:\/\/chochol.io\/wp-content\/uploads\/2023\/12\/IMG_4980-768x576.jpeg 768w, https:\/\/chochol.io\/wp-content\/uploads\/2023\/12\/IMG_4980-1536x1152.jpeg 1536w, https:\/\/chochol.io\/wp-content\/uploads\/2023\/12\/IMG_4980-2048x1536.jpeg 2048w\" sizes=\"(max-width: 1024px) 100vw, 1024px\" \/>\t\t\t\t\t\t\t\t\t\t\t\t\t\t\t<\/div>\n\t\t\t\t<\/div>\n\t\t\t\t\t<\/div>\n\t\t\t\t<\/div>\n\t\t\t\t<\/div>\n\t\t\t\t\t<\/div>\n\t\t\t\t<\/div>\n\t\t<div class=\"elementor-element elementor-element-d395c0e e-flex e-con-boxed e-con e-parent\" data-id=\"d395c0e\" data-element_type=\"container\" data-e-type=\"container\">\n\t\t\t\t\t<div class=\"e-con-inner\">\n\t\t\t\t<div class=\"elementor-element elementor-element-a2b3732 elementor-widget elementor-widget-text-editor\" data-id=\"a2b3732\" data-element_type=\"widget\" data-e-type=\"widget\" data-widget_type=\"text-editor.default\">\n\t\t\t\t<div class=\"elementor-widget-container\">\n\t\t\t\t\t\t\t\t\t<p>If you&#8217;d like to learn more about my work experience, <a href=\"https:\/\/chochol.io\/en\/blog\/printhello-world\/\">I invite you to read my first blog post<\/a> \ud83d\ude43 I hope my help will help you open your interest in information technology more widely.<\/p>\n\t\t\t\t\t\t\t\t<\/div>\n\t\t\t\t<\/div>\n\t\t\t\t<div class=\"elementor-element elementor-element-fa5b29f elementor-widget elementor-widget-katen-section-header\" data-id=\"fa5b29f\" data-element_type=\"widget\" data-e-type=\"widget\" data-widget_type=\"katen-section-header.default\">\n\t\t\t\t<div class=\"elementor-widget-container\">\n\t\t\t\t\t\n\t\t\t<div class=\"section-header\">\n\t\t\t\t<h3 class=\"section-title\">Certyfikacje<\/h3>\n\t\t\t\t\t\t\t\t\t<svg width=\"33\" height=\"6\" xmlns=\"http:\/\/www.w3.org\/2000\/svg\">\n\t\t\t\t\t\t<defs>\n\t\t\t\t\t\t\t<linearGradient id=\"gradient\" x1=\"0%\" y1=\"0%\" x2=\"100%\" y2=\"0%\">\n\t\t\t\t\t\t\t\t<stop offset=\"0%\" stop-color=\"#FE4F70\"><\/stop>\n\t\t\t\t\t\t\t\t<stop offset=\"100%\" stop-color=\"#FFA387\"><\/stop>\n\t\t\t\t\t\t\t<\/linearGradient>\n\t\t\t\t\t\t\t<\/defs>\n\t\t\t\t\t\t<path d=\"M33 1c-3.3 0-3.3 4-6.598 4C23.1 5 23.1 1 19.8 1c-3.3 0-3.3 4-6.599 4-3.3 0-3.3-4-6.6-4S3.303 5 0 5\" stroke=\"url(#gradient)\" stroke-width=\"2\" fill=\"none\"><\/path>\n\t\t\t\t\t<\/svg>\n\t\t\t\t\t\t\t\t\t\t\t<\/div>\n\n        \t\t\t\t<\/div>\n\t\t\t\t<\/div>\n\t\t\t\t<div class=\"elementor-element elementor-element-0f31a8b elementor-widget elementor-widget-text-editor\" data-id=\"0f31a8b\" data-element_type=\"widget\" data-e-type=\"widget\" data-widget_type=\"text-editor.default\">\n\t\t\t\t<div class=\"elementor-widget-container\">\n\t\t\t\t\t\t\t\t\t<ul>\n<li><strong>Agile PM Foundation<\/strong> \/ APMG International (2023)<\/li>\n<li><strong>ITIL Foundation in IT Service Management<\/strong> \/ Axelos (2022)<\/li>\n<li><strong>Microsoft Certified: Security, Compliance and Identity Fundamentals<\/strong> \/ Microsoft Corporation (2022)<\/li>\n<li><strong>Microsoft Certified: 365 Fundamentals<\/strong> \/ Microsoft Corporation (2022)<\/li>\n<li><strong>Microsoft Certified: Teams Administrator Associate<\/strong> \/ Microsoft Corporation (2022)<\/li>\n<li><strong>Qualified technical protection worker<\/strong> \/ Capital Police Headquarters (2021)<\/li>\n<li><strong>Electrician certificate up to 1 kV<\/strong> \/ Association of Polish Electrical Engineers<\/li>\n<\/ul>\n\t\t\t\t\t\t\t\t<\/div>\n\t\t\t\t<\/div>\n\t\t\t\t\t<\/div>\n\t\t\t\t<\/div>\n\t\t<div class=\"elementor-element elementor-element-4ff628a e-flex e-con-boxed e-con e-parent\" data-id=\"4ff628a\" data-element_type=\"container\" data-e-type=\"container\">\n\t\t\t\t\t<div class=\"e-con-inner\">\n\t\t<div class=\"elementor-element elementor-element-3510cc7 e-con-full e-flex e-con e-child\" data-id=\"3510cc7\" data-element_type=\"container\" data-e-type=\"container\">\n\t\t\t\t<div class=\"elementor-element elementor-element-1ec9b5e elementor-widget__width-initial elementor-widget elementor-widget-image\" data-id=\"1ec9b5e\" data-element_type=\"widget\" data-e-type=\"widget\" data-widget_type=\"image.default\">\n\t\t\t\t<div class=\"elementor-widget-container\">\n\t\t\t\t\t\t\t\t\t\t\t\t\t\t\t<img decoding=\"async\" width=\"340\" height=\"340\" src=\"https:\/\/chochol.io\/wp-content\/uploads\/2023\/12\/image-3.png\" class=\"attachment-large size-large wp-image-975\" alt=\"Axelos ITIL Foundation logo with AXELOS name above and purple ITIL letters on white circle\" srcset=\"https:\/\/chochol.io\/wp-content\/uploads\/2023\/12\/image-3.png 340w, https:\/\/chochol.io\/wp-content\/uploads\/2023\/12\/image-3-300x300.png 300w, https:\/\/chochol.io\/wp-content\/uploads\/2023\/12\/image-3-150x150.png 150w, https:\/\/chochol.io\/wp-content\/uploads\/2023\/12\/image-3-60x60.png 60w\" sizes=\"(max-width: 340px) 100vw, 340px\" \/>\t\t\t\t\t\t\t\t\t\t\t\t\t\t\t<\/div>\n\t\t\t\t<\/div>\n\t\t\t\t<\/div>\n\t\t<div class=\"elementor-element elementor-element-f853bc9 e-con-full e-flex e-con e-child\" data-id=\"f853bc9\" data-element_type=\"container\" data-e-type=\"container\">\n\t\t\t\t<div class=\"elementor-element elementor-element-9526c72 elementor-widget__width-initial elementor-widget elementor-widget-image\" data-id=\"9526c72\" data-element_type=\"widget\" data-e-type=\"widget\" data-widget_type=\"image.default\">\n\t\t\t\t<div class=\"elementor-widget-container\">\n\t\t\t\t\t\t\t\t\t\t\t\t\t\t\t<img loading=\"lazy\" decoding=\"async\" width=\"320\" height=\"320\" src=\"https:\/\/chochol.io\/wp-content\/uploads\/2023\/12\/SEP-Stowarzyszenie-Elektrykow-Polskich.gif\" class=\"attachment-large size-large wp-image-980\" alt=\"Blue circular icon with white vertical bars separated by curved lines on a black background\" \/>\t\t\t\t\t\t\t\t\t\t\t\t\t\t\t<\/div>\n\t\t\t\t<\/div>\n\t\t\t\t<\/div>\n\t\t<div class=\"elementor-element elementor-element-a4e7ddd e-con-full e-flex e-con e-child\" data-id=\"a4e7ddd\" data-element_type=\"container\" data-e-type=\"container\">\n\t\t\t\t<div class=\"elementor-element elementor-element-f8e9520 elementor-widget__width-initial elementor-widget elementor-widget-image\" data-id=\"f8e9520\" data-element_type=\"widget\" data-e-type=\"widget\" data-widget_type=\"image.default\">\n\t\t\t\t<div class=\"elementor-widget-container\">\n\t\t\t\t\t\t\t\t\t\t\t\t\t\t\t<img loading=\"lazy\" decoding=\"async\" width=\"340\" height=\"340\" src=\"https:\/\/chochol.io\/wp-content\/uploads\/2023\/12\/image.png\" class=\"attachment-large size-large wp-image-976\" alt=\"Logo AgilePMS Foundation with Agile Business Products text and APAMG International mark.\" srcset=\"https:\/\/chochol.io\/wp-content\/uploads\/2023\/12\/image.png 340w, https:\/\/chochol.io\/wp-content\/uploads\/2023\/12\/image-300x300.png 300w, https:\/\/chochol.io\/wp-content\/uploads\/2023\/12\/image-150x150.png 150w, https:\/\/chochol.io\/wp-content\/uploads\/2023\/12\/image-60x60.png 60w\" sizes=\"(max-width: 340px) 100vw, 340px\" \/>\t\t\t\t\t\t\t\t\t\t\t\t\t\t\t<\/div>\n\t\t\t\t<\/div>\n\t\t\t\t<\/div>\n\t\t<div class=\"elementor-element elementor-element-bc69020 e-con-full e-flex e-con e-child\" data-id=\"bc69020\" data-element_type=\"container\" data-e-type=\"container\">\n\t\t\t\t<div class=\"elementor-element elementor-element-b3fdb10 elementor-widget__width-initial elementor-widget elementor-widget-image\" data-id=\"b3fdb10\" data-element_type=\"widget\" data-e-type=\"widget\" data-widget_type=\"image.default\">\n\t\t\t\t<div class=\"elementor-widget-container\">\n\t\t\t\t\t\t\t\t\t\t\t\t\t\t\t<img loading=\"lazy\" decoding=\"async\" width=\"340\" height=\"340\" src=\"https:\/\/chochol.io\/wp-content\/uploads\/2023\/12\/CERT-Associate-Microsoft365-Teams-Administrator.png\" class=\"attachment-large size-large wp-image-977\" alt=\"Microsoft 365 Certified Teams Administrator Associate badge with blue shield and two white stars\" srcset=\"https:\/\/chochol.io\/wp-content\/uploads\/2023\/12\/CERT-Associate-Microsoft365-Teams-Administrator.png 340w, https:\/\/chochol.io\/wp-content\/uploads\/2023\/12\/CERT-Associate-Microsoft365-Teams-Administrator-300x300.png 300w, https:\/\/chochol.io\/wp-content\/uploads\/2023\/12\/CERT-Associate-Microsoft365-Teams-Administrator-150x150.png 150w, https:\/\/chochol.io\/wp-content\/uploads\/2023\/12\/CERT-Associate-Microsoft365-Teams-Administrator-60x60.png 60w\" sizes=\"(max-width: 340px) 100vw, 340px\" \/>\t\t\t\t\t\t\t\t\t\t\t\t\t\t\t<\/div>\n\t\t\t\t<\/div>\n\t\t\t\t<\/div>\n\t\t<div class=\"elementor-element elementor-element-c4bf263 e-con-full e-flex e-con e-child\" data-id=\"c4bf263\" data-element_type=\"container\" data-e-type=\"container\">\n\t\t\t\t<div class=\"elementor-element elementor-element-2995ddb elementor-widget__width-initial elementor-widget elementor-widget-image\" data-id=\"2995ddb\" data-element_type=\"widget\" data-e-type=\"widget\" data-widget_type=\"image.default\">\n\t\t\t\t<div class=\"elementor-widget-container\">\n\t\t\t\t\t\t\t\t\t\t\t\t\t\t\t<img loading=\"lazy\" decoding=\"async\" width=\"340\" height=\"340\" src=\"https:\/\/chochol.io\/wp-content\/uploads\/2023\/12\/image-2.png\" class=\"attachment-large size-large wp-image-978\" alt=\"Microsoft 365 Certified Fundamentals badge with blue shield and white star on black background\" srcset=\"https:\/\/chochol.io\/wp-content\/uploads\/2023\/12\/image-2.png 340w, https:\/\/chochol.io\/wp-content\/uploads\/2023\/12\/image-2-300x300.png 300w, https:\/\/chochol.io\/wp-content\/uploads\/2023\/12\/image-2-150x150.png 150w, https:\/\/chochol.io\/wp-content\/uploads\/2023\/12\/image-2-60x60.png 60w\" sizes=\"(max-width: 340px) 100vw, 340px\" \/>\t\t\t\t\t\t\t\t\t\t\t\t\t\t\t<\/div>\n\t\t\t\t<\/div>\n\t\t\t\t<\/div>\n\t\t<div class=\"elementor-element elementor-element-07215aa e-con-full e-flex e-con e-child\" data-id=\"07215aa\" data-element_type=\"container\" data-e-type=\"container\">\n\t\t\t\t<div class=\"elementor-element elementor-element-2c65058 elementor-widget__width-initial elementor-widget elementor-widget-image\" data-id=\"2c65058\" data-element_type=\"widget\" data-e-type=\"widget\" data-widget_type=\"image.default\">\n\t\t\t\t<div class=\"elementor-widget-container\">\n\t\t\t\t\t\t\t\t\t\t\t\t\t\t\t<img loading=\"lazy\" decoding=\"async\" width=\"340\" height=\"340\" src=\"https:\/\/chochol.io\/wp-content\/uploads\/2023\/12\/security-compliance-and-identity-fundamentals-600x600-1.png\" class=\"attachment-large size-large wp-image-979\" alt=\"Microsoft Certified security, compliance and identity fundamentals shield badge with star icon\" srcset=\"https:\/\/chochol.io\/wp-content\/uploads\/2023\/12\/security-compliance-and-identity-fundamentals-600x600-1.png 340w, https:\/\/chochol.io\/wp-content\/uploads\/2023\/12\/security-compliance-and-identity-fundamentals-600x600-1-300x300.png 300w, https:\/\/chochol.io\/wp-content\/uploads\/2023\/12\/security-compliance-and-identity-fundamentals-600x600-1-150x150.png 150w, https:\/\/chochol.io\/wp-content\/uploads\/2023\/12\/security-compliance-and-identity-fundamentals-600x600-1-60x60.png 60w\" sizes=\"(max-width: 340px) 100vw, 340px\" \/>\t\t\t\t\t\t\t\t\t\t\t\t\t\t\t<\/div>\n\t\t\t\t<\/div>\n\t\t\t\t<\/div>\n\t\t\t\t\t<\/div>\n\t\t\t\t<\/div>\n\t\t<div class=\"elementor-element elementor-element-f729a78 e-flex e-con-boxed e-con e-parent\" data-id=\"f729a78\" data-element_type=\"container\" data-e-type=\"container\">\n\t\t\t\t\t<div class=\"e-con-inner\">\n\t\t\t\t<div class=\"elementor-element elementor-element-b43b5b3 elementor-widget elementor-widget-katen-section-header\" data-id=\"b43b5b3\" data-element_type=\"widget\" data-e-type=\"widget\" data-widget_type=\"katen-section-header.default\">\n\t\t\t\t<div class=\"elementor-widget-container\">\n\t\t\t\t\t\n\t\t\t<div class=\"section-header\">\n\t\t\t\t<h3 class=\"section-title\">Support my work<\/h3>\n\t\t\t\t\t\t\t\t\t<svg width=\"33\" height=\"6\" xmlns=\"http:\/\/www.w3.org\/2000\/svg\">\n\t\t\t\t\t\t<defs>\n\t\t\t\t\t\t\t<linearGradient id=\"gradient\" x1=\"0%\" y1=\"0%\" x2=\"100%\" y2=\"0%\">\n\t\t\t\t\t\t\t\t<stop offset=\"0%\" stop-color=\"#FE4F70\"><\/stop>\n\t\t\t\t\t\t\t\t<stop offset=\"100%\" stop-color=\"#FFA387\"><\/stop>\n\t\t\t\t\t\t\t<\/linearGradient>\n\t\t\t\t\t\t\t<\/defs>\n\t\t\t\t\t\t<path d=\"M33 1c-3.3 0-3.3 4-6.598 4C23.1 5 23.1 1 19.8 1c-3.3 0-3.3 4-6.599 4-3.3 0-3.3-4-6.6-4S3.303 5 0 5\" stroke=\"url(#gradient)\" stroke-width=\"2\" fill=\"none\"><\/path>\n\t\t\t\t\t<\/svg>\n\t\t\t\t\t\t\t\t\t\t\t<\/div>\n\n        \t\t\t\t<\/div>\n\t\t\t\t<\/div>\n\t\t\t\t<div class=\"elementor-element elementor-element-9ef86ec elementor-widget elementor-widget-text-editor\" data-id=\"9ef86ec\" data-element_type=\"widget\" data-e-type=\"widget\" data-widget_type=\"text-editor.default\">\n\t\t\t\t<div class=\"elementor-widget-container\">\n\t\t\t\t\t\t\t\t\t<p>If you value my work on creating tutorials and blog posts, I have two simple support options for you. You can buy me a virtual coffee to keep up my motivation and energy to continue writing. And if you prefer more direct support, you can give thanks via PayPal or Revolut. Your support helps me to continue creating valuable content for you and other readers.<\/p>\n<p>Thank you for any form of support and for appreciating my work!<\/p>\n\t\t\t\t\t\t\t\t<\/div>\n\t\t\t\t<\/div>\n\t\t<div class=\"elementor-element elementor-element-a8a633a e-grid e-con-boxed e-con e-child\" data-id=\"a8a633a\" data-element_type=\"container\" data-e-type=\"container\">\n\t\t\t\t\t<div class=\"e-con-inner\">\n\t\t\t\t<div class=\"elementor-element elementor-element-b93dd34 elementor-widget elementor-widget-html\" data-id=\"b93dd34\" data-element_type=\"widget\" data-e-type=\"widget\" data-widget_type=\"html.default\">\n\t\t\t\t<div class=\"elementor-widget-container\">\n\t\t\t\t\t<center><a href=\"https:\/\/www.buymeacoffee.com\/fchochol\" target=\"_blank\" rel=\"noopener\"><img decoding=\"async\" src=\"https:\/\/img.buymeacoffee.com\/button-api\/?text=Buy%20me%20a%20coffee&amp;emoji=%E2%98%95&amp;slug=fchochol&amp;button_colour=FF5F5F&amp;font_colour=ffffff&amp;font_family=Poppins&amp;outline_colour=000000&amp;coffee_colour=FFDD00\" alt=\"Buy me a coffee\"><\/a><\/center>\t\t\t\t<\/div>\n\t\t\t\t<\/div>\n\t\t\t\t<div class=\"elementor-element elementor-element-837e3af elementor-widget elementor-widget-html\" data-id=\"837e3af\" data-element_type=\"widget\" data-e-type=\"widget\" data-widget_type=\"html.default\">\n\t\t\t\t<div class=\"elementor-widget-container\">\n\t\t\t\t\t<center><a href=\"https:\/\/buycoffee.to\/fchochol\" target=\"_blank\" rel=\"noopener\"><img decoding=\"async\" src=\"https:\/\/buycoffee.to\/btn\/buycoffeeto-btn-primary.svg\" style=\"width: 200px\" alt=\"Buy me a coffee at buycoffee.to\"><\/a><\/center>\t\t\t\t<\/div>\n\t\t\t\t<\/div>\n\t\t\t\t<div class=\"elementor-element elementor-element-cca5cee elementor-widget elementor-widget-html\" data-id=\"cca5cee\" data-element_type=\"widget\" data-e-type=\"widget\" data-widget_type=\"html.default\">\n\t\t\t\t<div class=\"elementor-widget-container\">\n\t\t\t\t\t<center><a href=\"https:\/\/ko-fi.com\/fchochol\" target=\"_blank\" rel=\"noopener\"><img decoding=\"async\" src=\"https:\/\/storage.ko-fi.com\/cdn\/brandasset\/kofi_button_stroke.png\" alt=\"Buy me a coffee\"><\/a><\/center>\t\t\t\t<\/div>\n\t\t\t\t<\/div>\n\t\t\t\t<div class=\"elementor-element elementor-element-ee03eae elementor-widget elementor-widget-html\" data-id=\"ee03eae\" data-element_type=\"widget\" data-e-type=\"widget\" data-widget_type=\"html.default\">\n\t\t\t\t<div class=\"elementor-widget-container\">\n\t\t\t\t\t<center><a href=\"https:\/\/www.paypal.com\/paypalme\/fchochol\" target=\"_blank\" rel=\"noopener\"><img decoding=\"async\" src=\"https:\/\/pngimg.com\/uploads\/paypal\/paypal_PNG4.png\" width=\"80%\" alt=\"PayPal me\"><\/a><\/center>\t\t\t\t<\/div>\n\t\t\t\t<\/div>\n\t\t\t\t<div class=\"elementor-element elementor-element-1a00a51 elementor-widget elementor-widget-html\" data-id=\"1a00a51\" data-element_type=\"widget\" data-e-type=\"widget\" data-widget_type=\"html.default\">\n\t\t\t\t<div class=\"elementor-widget-container\">\n\t\t\t\t\t<center><a href=\"https:\/\/revolut.me\/fchochol\" target=\"_blank\" rel=\"noopener\"><img decoding=\"async\" src=\"https:\/\/chochol.io\/wp-content\/themes\/katen\/images\/revolut-support.png\" alt=\"Revolut\" width=\"20%\"><\/a><\/center>\t\t\t\t<\/div>\n\t\t\t\t<\/div>\n\t\t\t\t\t<\/div>\n\t\t\t\t<\/div>\n\t\t\t\t\t<\/div>\n\t\t\t\t<\/div>\n\t\t\t\t<\/div>\n\t\t","protected":false},"excerpt":{"rendered":"<p>Par\u0119 s\u0142\u00f3w o mnie My name is Filip Choch\u00f3\u0142, I was born in 1996; I&#8217;m from Warsaw; I have been working at Sii Poland since 2022; I specialize in IT Support and Asset Management professionally; A supporter of open-source technologies; From 2013 to 2021, I worked in the film and television industry in the camera [&hellip;]<\/p>\n","protected":false},"author":1,"featured_media":985,"parent":0,"menu_order":0,"comment_status":"closed","ping_status":"closed","template":"page-nosidebar.php","meta":{"footnotes":""},"class_list":["post-1066","page","type-page","status-publish","has-post-thumbnail","hentry"],"_links":{"self":[{"href":"https:\/\/chochol.io\/en\/wp-json\/wp\/v2\/pages\/1066","targetHints":{"allow":["GET"]}}],"collection":[{"href":"https:\/\/chochol.io\/en\/wp-json\/wp\/v2\/pages"}],"about":[{"href":"https:\/\/chochol.io\/en\/wp-json\/wp\/v2\/types\/page"}],"author":[{"embeddable":true,"href":"https:\/\/chochol.io\/en\/wp-json\/wp\/v2\/users\/1"}],"replies":[{"embeddable":true,"href":"https:\/\/chochol.io\/en\/wp-json\/wp\/v2\/comments?post=1066"}],"version-history":[{"count":0,"href":"https:\/\/chochol.io\/en\/wp-json\/wp\/v2\/pages\/1066\/revisions"}],"wp:featuredmedia":[{"embeddable":true,"href":"https:\/\/chochol.io\/en\/wp-json\/wp\/v2\/media\/985"}],"wp:attachment":[{"href":"https:\/\/chochol.io\/en\/wp-json\/wp\/v2\/media?parent=1066"}],"curies":[{"name":"wp","href":"https:\/\/api.w.org\/{rel}","templated":true}]}}